{"id":3474,"date":"2022-01-20T22:16:33","date_gmt":"2022-01-21T03:16:33","guid":{"rendered":"https:\/\/www.zornitsa.ca\/concerts-tournee\/"},"modified":"2022-01-20T22:33:54","modified_gmt":"2022-01-21T03:33:54","slug":"concerts-tournee","status":"publish","type":"page","link":"https:\/\/www.zornitsa.ca\/fr\/concerts-tournee\/","title":{"rendered":"Concerts &#8211; Tourn\u00e9e"},"content":{"rendered":"\n\n\t<h1>\u041a\u041e\u041d\u0426\u0415\u0420\u0422\u0418 &#8211; \u0422\u0423\u0420\u041d\u0415\u0422\u0410<\/h1>\n<a href=\"http:\/\/www.zornitsa.ca\/koncerti\/roses-festival\/\" target=\"_self\" rel=\"noopener\"><br \/>\n<img decoding=\"async\" title=\"\" src=\"http:\/\/www.zornitsa.ca\/wp-content\/uploads\/2021\/01\/roses-sm.jpg\" alt=\"\" \/><br \/>\n<\/a>\n<h3><a href=\"http:\/\/www.zornitsa.ca\/koncerti\/roses-festival\/\" target=\"_self\" rel=\"noopener\">\u00a0<\/a><\/h3>\n<p><a href=\"http:\/\/www.zornitsa.ca\/koncerti\/roses-festival\/\">Festival annuel \u00ab\u00a0Roses de Bulgarie\u00a0\u00bb au centre de Montr\u00e9al \u00e0 partir du 11.05.2018<\/a><\/p>\n<h3><a href=\"http:\/\/www.zornitsa.ca\/koncerti\/roses-festival\/\" target=\"_self\" rel=\"noopener\">\u00a0<\/a><\/h3>\n<a href=\"http:\/\/www.zornitsa.ca\/koncerti\/entertainment\/\" target=\"_self\" rel=\"noopener\"><br \/>\n<img decoding=\"async\" title=\"Rojden_Den_1\" src=\"http:\/\/www.zornitsa.ca\/wp-content\/uploads\/2020\/12\/Rojden_Den_1.jpg\" alt=\"Rojden_Den_1\" \/><br \/>\n<\/a>\n\n<p><a href=\"http:\/\/www.zornitsa.ca\/koncerti\/entertainment\/\">Discoth\u00e8ques, Divertissement pour enfants et adultes<\/a><\/p>\n<p>&nbsp;<\/p>\n<a href=\"http:\/\/www.zornitsa.ca\/koncerti\/bulgarian-concerts\/\" target=\"_self\" rel=\"noopener\"><br \/>\n<img decoding=\"async\" title=\"\" src=\"http:\/\/www.zornitsa.ca\/wp-content\/uploads\/2021\/01\/orlin-sm.jpg\" alt=\"\" \/><br \/>\n<\/a>\n\n<p><a href=\"http:\/\/www.zornitsa.ca\/koncerti\/bulgarian-concerts\/\">Concerts et tourn\u00e9es avec des chanteurs bulgares et des chanteurs pop \u00e0 partir du 05.12.2001<\/a><\/p>\n<p>&nbsp;<\/p>\n<a href=\"http:\/\/www.zornitsa.ca\/koncerti\/bulgarian-flag\/\" target=\"_self\" rel=\"noopener\"><br \/>\n<img decoding=\"async\" title=\"\" src=\"http:\/\/www.zornitsa.ca\/wp-content\/uploads\/2021\/01\/3mart-sm.jpg\" alt=\"\" \/><br \/>\n<\/a>\n\n<p><a href=\"http:\/\/www.zornitsa.ca\/koncerti\/bulgarian-flag\/\">Pour le 3 mars &#8211; Lev\u00e9e annuelle du drapeau bulgare devant l&rsquo;h\u00f4tel de ville de Montr\u00e9al &#8211; \u00e0 partir du 03.03.2018<\/a><\/p>\n<p>&nbsp;<\/p>\n<h2>GALERIE de photos des chanteurs <\/h2>\n<h2>Derni\u00e8res nouvelles<\/h2>\n\n\n","protected":false},"excerpt":{"rendered":"<p>\u041a\u041e\u041d\u0426\u0415\u0420\u0422\u0418 &#8211; \u0422\u0423\u0420\u041d\u0415\u0422\u0410 \u00a0 Festival annuel \u00ab\u00a0Roses de Bulgarie\u00a0\u00bb au centre de Montr\u00e9al \u00e0 partir du 11.05.2018 \u00a0 Discoth\u00e8ques, Divertissement pour enfants et adultes &nbsp; Concerts et tourn\u00e9es avec des chanteurs bulgares et des chanteurs pop \u00e0 partir du 05.12.2001 &nbsp; Pour le 3 mars &#8211; Lev\u00e9e annuelle du drapeau bulgare devant l&rsquo;h\u00f4tel de ville [&hellip;]<\/p>\n","protected":false},"author":1,"featured_media":0,"parent":0,"menu_order":0,"comment_status":"closed","ping_status":"closed","template":"","meta":{"site-sidebar-layout":"no-sidebar","site-content-layout":"page-builder","ast-site-content-layout":"default","site-content-style":"default","site-sidebar-style":"default","ast-global-header-display":"","ast-banner-title-visibility":"","ast-main-header-display":"","ast-hfb-above-header-display":"","ast-hfb-below-header-display":"","ast-hfb-mobile-header-display":"","site-post-title":"disabled","ast-breadcrumbs-content":"","ast-featured-img":"disabled","footer-sml-layout":"","ast-disable-related-posts":"","theme-transparent-header-meta":"default","adv-header-id-meta":"","stick-header-meta":"","header-above-stick-meta":"","header-main-stick-meta":"","header-below-stick-meta":"","astra-migrate-meta-layouts":"default","ast-page-background-enabled":"default","ast-page-background-meta":{"desktop":{"background-color":"","background-image":"","background-repeat":"repeat","background-position":"center center","background-size":"auto","background-attachment":"scroll","background-type":"","background-media":"","overlay-type":"","overlay-color":"","overlay-opacity":"","overlay-gradient":""},"tablet":{"background-color":"","background-image":"","background-repeat":"repeat","background-position":"center center","background-size":"auto","background-attachment":"scroll","background-type":"","background-media":"","overlay-type":"","overlay-color":"","overlay-opacity":"","overlay-gradient":""},"mobile":{"background-color":"","background-image":"","background-repeat":"repeat","background-position":"center center","background-size":"auto","background-attachment":"scroll","background-type":"","background-media":"","overlay-type":"","overlay-color":"","overlay-opacity":"","overlay-gradient":""}},"ast-content-background-meta":{"desktop":{"background-color":"var(--ast-global-color-5)","background-image":"","background-repeat":"repeat","background-position":"center center","background-size":"auto","background-attachment":"scroll","background-type":"","background-media":"","overlay-type":"","overlay-color":"","overlay-opacity":"","overlay-gradient":""},"tablet":{"background-color":"var(--ast-global-color-5)","background-image":"","background-repeat":"repeat","background-position":"center center","background-size":"auto","background-attachment":"scroll","background-type":"","background-media":"","overlay-type":"","overlay-color":"","overlay-opacity":"","overlay-gradient":""},"mobile":{"background-color":"var(--ast-global-color-5)","background-image":"","background-repeat":"repeat","background-position":"center center","background-size":"auto","background-attachment":"scroll","background-type":"","background-media":"","overlay-type":"","overlay-color":"","overlay-opacity":"","overlay-gradient":""}},"footnotes":""},"class_list":["post-3474","page","type-page","status-publish","hentry"],"yoast_head":"<!-- This site is optimized with the Yoast SEO plugin v27.4 - https:\/\/yoast.com\/product\/yoast-seo-wordpress\/ -->\n<title>Concerts - Tourn\u00e9e - zornitza<\/title>\n<meta name=\"robots\" content=\"index, follow, max-snippet:-1, max-image-preview:large, max-video-preview:-1\" \/>\n<link rel=\"canonical\" href=\"http:\/\/www.zornitsa.ca\/fr\/concerts-tournee\/\" \/>\n<meta property=\"og:locale\" content=\"fr_FR\" \/>\n<meta property=\"og:type\" content=\"article\" \/>\n<meta property=\"og:title\" content=\"Concerts - Tourn\u00e9e - zornitza\" \/>\n<meta property=\"og:description\" content=\"\u041a\u041e\u041d\u0426\u0415\u0420\u0422\u0418 &#8211; \u0422\u0423\u0420\u041d\u0415\u0422\u0410 \u00a0 Festival annuel \u00ab\u00a0Roses de Bulgarie\u00a0\u00bb au centre de Montr\u00e9al \u00e0 partir du 11.05.2018 \u00a0 Discoth\u00e8ques, Divertissement pour enfants et adultes &nbsp; Concerts et tourn\u00e9es avec des chanteurs bulgares et des chanteurs pop \u00e0 partir du 05.12.2001 &nbsp; Pour le 3 mars &#8211; Lev\u00e9e annuelle du drapeau bulgare devant l&rsquo;h\u00f4tel de ville [&hellip;]\" \/>\n<meta property=\"og:url\" content=\"http:\/\/www.zornitsa.ca\/fr\/concerts-tournee\/\" \/>\n<meta property=\"og:site_name\" content=\"zornitza\" \/>\n<meta property=\"article:publisher\" content=\"https:\/\/www.facebook.com\/centreZornitsa\/\" \/>\n<meta property=\"article:modified_time\" content=\"2022-01-21T03:33:54+00:00\" \/>\n<meta property=\"og:image\" content=\"http:\/\/www.zornitsa.ca\/wp-content\/uploads\/2021\/01\/roses-sm.jpg\" \/>\n<meta name=\"twitter:card\" content=\"summary_large_image\" \/>\n<script type=\"application\/ld+json\" class=\"yoast-schema-graph\">{\"@context\":\"https:\\\/\\\/schema.org\",\"@graph\":[{\"@type\":\"WebPage\",\"@id\":\"http:\\\/\\\/www.zornitsa.ca\\\/fr\\\/concerts-tournee\\\/\",\"url\":\"http:\\\/\\\/www.zornitsa.ca\\\/fr\\\/concerts-tournee\\\/\",\"name\":\"Concerts - Tourn\u00e9e - zornitza\",\"isPartOf\":{\"@id\":\"https:\\\/\\\/www.zornitsa.ca\\\/#website\"},\"primaryImageOfPage\":{\"@id\":\"http:\\\/\\\/www.zornitsa.ca\\\/fr\\\/concerts-tournee\\\/#primaryimage\"},\"image\":{\"@id\":\"http:\\\/\\\/www.zornitsa.ca\\\/fr\\\/concerts-tournee\\\/#primaryimage\"},\"thumbnailUrl\":\"http:\\\/\\\/www.zornitsa.ca\\\/wp-content\\\/uploads\\\/2021\\\/01\\\/roses-sm.jpg\",\"datePublished\":\"2022-01-21T03:16:33+00:00\",\"dateModified\":\"2022-01-21T03:33:54+00:00\",\"breadcrumb\":{\"@id\":\"http:\\\/\\\/www.zornitsa.ca\\\/fr\\\/concerts-tournee\\\/#breadcrumb\"},\"inLanguage\":\"fr-FR\",\"potentialAction\":[{\"@type\":\"ReadAction\",\"target\":[\"http:\\\/\\\/www.zornitsa.ca\\\/fr\\\/concerts-tournee\\\/\"]}]},{\"@type\":\"ImageObject\",\"inLanguage\":\"fr-FR\",\"@id\":\"http:\\\/\\\/www.zornitsa.ca\\\/fr\\\/concerts-tournee\\\/#primaryimage\",\"url\":\"http:\\\/\\\/www.zornitsa.ca\\\/wp-content\\\/uploads\\\/2021\\\/01\\\/roses-sm.jpg\",\"contentUrl\":\"http:\\\/\\\/www.zornitsa.ca\\\/wp-content\\\/uploads\\\/2021\\\/01\\\/roses-sm.jpg\"},{\"@type\":\"BreadcrumbList\",\"@id\":\"http:\\\/\\\/www.zornitsa.ca\\\/fr\\\/concerts-tournee\\\/#breadcrumb\",\"itemListElement\":[{\"@type\":\"ListItem\",\"position\":1,\"name\":\"Home\",\"item\":\"http:\\\/\\\/www.zornitsa.ca\\\/fr\\\/\"},{\"@type\":\"ListItem\",\"position\":2,\"name\":\"Concerts &#8211; Tourn\u00e9e\"}]},{\"@type\":\"WebSite\",\"@id\":\"https:\\\/\\\/www.zornitsa.ca\\\/#website\",\"url\":\"https:\\\/\\\/www.zornitsa.ca\\\/\",\"name\":\"zornitza\",\"description\":\"\",\"publisher\":{\"@id\":\"https:\\\/\\\/www.zornitsa.ca\\\/#organization\"},\"potentialAction\":[{\"@type\":\"SearchAction\",\"target\":{\"@type\":\"EntryPoint\",\"urlTemplate\":\"https:\\\/\\\/www.zornitsa.ca\\\/?s={search_term_string}\"},\"query-input\":{\"@type\":\"PropertyValueSpecification\",\"valueRequired\":true,\"valueName\":\"search_term_string\"}}],\"inLanguage\":\"fr-FR\"},{\"@type\":\"Organization\",\"@id\":\"https:\\\/\\\/www.zornitsa.ca\\\/#organization\",\"name\":\"zornitza\",\"url\":\"https:\\\/\\\/www.zornitsa.ca\\\/\",\"logo\":{\"@type\":\"ImageObject\",\"inLanguage\":\"fr-FR\",\"@id\":\"https:\\\/\\\/www.zornitsa.ca\\\/#\\\/schema\\\/logo\\\/image\\\/\",\"url\":\"https:\\\/\\\/www.zornitsa.ca\\\/wp-content\\\/uploads\\\/2020\\\/12\\\/Logo.gif\",\"contentUrl\":\"https:\\\/\\\/www.zornitsa.ca\\\/wp-content\\\/uploads\\\/2020\\\/12\\\/Logo.gif\",\"width\":100,\"height\":100,\"caption\":\"zornitza\"},\"image\":{\"@id\":\"https:\\\/\\\/www.zornitsa.ca\\\/#\\\/schema\\\/logo\\\/image\\\/\"},\"sameAs\":[\"https:\\\/\\\/www.facebook.com\\\/centreZornitsa\\\/\",\"https:\\\/\\\/www.instagram.com\\\/ensemblezornitsa\"]}]}<\/script>\n<!-- \/ Yoast SEO plugin. -->","yoast_head_json":{"title":"Concerts - Tourn\u00e9e - zornitza","robots":{"index":"index","follow":"follow","max-snippet":"max-snippet:-1","max-image-preview":"max-image-preview:large","max-video-preview":"max-video-preview:-1"},"canonical":"http:\/\/www.zornitsa.ca\/fr\/concerts-tournee\/","og_locale":"fr_FR","og_type":"article","og_title":"Concerts - Tourn\u00e9e - zornitza","og_description":"\u041a\u041e\u041d\u0426\u0415\u0420\u0422\u0418 &#8211; \u0422\u0423\u0420\u041d\u0415\u0422\u0410 \u00a0 Festival annuel \u00ab\u00a0Roses de Bulgarie\u00a0\u00bb au centre de Montr\u00e9al \u00e0 partir du 11.05.2018 \u00a0 Discoth\u00e8ques, Divertissement pour enfants et adultes &nbsp; Concerts et tourn\u00e9es avec des chanteurs bulgares et des chanteurs pop \u00e0 partir du 05.12.2001 &nbsp; Pour le 3 mars &#8211; Lev\u00e9e annuelle du drapeau bulgare devant l&rsquo;h\u00f4tel de ville [&hellip;]","og_url":"http:\/\/www.zornitsa.ca\/fr\/concerts-tournee\/","og_site_name":"zornitza","article_publisher":"https:\/\/www.facebook.com\/centreZornitsa\/","article_modified_time":"2022-01-21T03:33:54+00:00","og_image":[{"url":"http:\/\/www.zornitsa.ca\/wp-content\/uploads\/2021\/01\/roses-sm.jpg","type":"","width":"","height":""}],"twitter_card":"summary_large_image","schema":{"@context":"https:\/\/schema.org","@graph":[{"@type":"WebPage","@id":"http:\/\/www.zornitsa.ca\/fr\/concerts-tournee\/","url":"http:\/\/www.zornitsa.ca\/fr\/concerts-tournee\/","name":"Concerts - Tourn\u00e9e - zornitza","isPartOf":{"@id":"https:\/\/www.zornitsa.ca\/#website"},"primaryImageOfPage":{"@id":"http:\/\/www.zornitsa.ca\/fr\/concerts-tournee\/#primaryimage"},"image":{"@id":"http:\/\/www.zornitsa.ca\/fr\/concerts-tournee\/#primaryimage"},"thumbnailUrl":"http:\/\/www.zornitsa.ca\/wp-content\/uploads\/2021\/01\/roses-sm.jpg","datePublished":"2022-01-21T03:16:33+00:00","dateModified":"2022-01-21T03:33:54+00:00","breadcrumb":{"@id":"http:\/\/www.zornitsa.ca\/fr\/concerts-tournee\/#breadcrumb"},"inLanguage":"fr-FR","potentialAction":[{"@type":"ReadAction","target":["http:\/\/www.zornitsa.ca\/fr\/concerts-tournee\/"]}]},{"@type":"ImageObject","inLanguage":"fr-FR","@id":"http:\/\/www.zornitsa.ca\/fr\/concerts-tournee\/#primaryimage","url":"http:\/\/www.zornitsa.ca\/wp-content\/uploads\/2021\/01\/roses-sm.jpg","contentUrl":"http:\/\/www.zornitsa.ca\/wp-content\/uploads\/2021\/01\/roses-sm.jpg"},{"@type":"BreadcrumbList","@id":"http:\/\/www.zornitsa.ca\/fr\/concerts-tournee\/#breadcrumb","itemListElement":[{"@type":"ListItem","position":1,"name":"Home","item":"http:\/\/www.zornitsa.ca\/fr\/"},{"@type":"ListItem","position":2,"name":"Concerts &#8211; Tourn\u00e9e"}]},{"@type":"WebSite","@id":"https:\/\/www.zornitsa.ca\/#website","url":"https:\/\/www.zornitsa.ca\/","name":"zornitza","description":"","publisher":{"@id":"https:\/\/www.zornitsa.ca\/#organization"},"potentialAction":[{"@type":"SearchAction","target":{"@type":"EntryPoint","urlTemplate":"https:\/\/www.zornitsa.ca\/?s={search_term_string}"},"query-input":{"@type":"PropertyValueSpecification","valueRequired":true,"valueName":"search_term_string"}}],"inLanguage":"fr-FR"},{"@type":"Organization","@id":"https:\/\/www.zornitsa.ca\/#organization","name":"zornitza","url":"https:\/\/www.zornitsa.ca\/","logo":{"@type":"ImageObject","inLanguage":"fr-FR","@id":"https:\/\/www.zornitsa.ca\/#\/schema\/logo\/image\/","url":"https:\/\/www.zornitsa.ca\/wp-content\/uploads\/2020\/12\/Logo.gif","contentUrl":"https:\/\/www.zornitsa.ca\/wp-content\/uploads\/2020\/12\/Logo.gif","width":100,"height":100,"caption":"zornitza"},"image":{"@id":"https:\/\/www.zornitsa.ca\/#\/schema\/logo\/image\/"},"sameAs":["https:\/\/www.facebook.com\/centreZornitsa\/","https:\/\/www.instagram.com\/ensemblezornitsa"]}]}},"_links":{"self":[{"href":"https:\/\/www.zornitsa.ca\/fr\/wp-json\/wp\/v2\/pages\/3474","targetHints":{"allow":["GET"]}}],"collection":[{"href":"https:\/\/www.zornitsa.ca\/fr\/wp-json\/wp\/v2\/pages"}],"about":[{"href":"https:\/\/www.zornitsa.ca\/fr\/wp-json\/wp\/v2\/types\/page"}],"author":[{"embeddable":true,"href":"https:\/\/www.zornitsa.ca\/fr\/wp-json\/wp\/v2\/users\/1"}],"replies":[{"embeddable":true,"href":"https:\/\/www.zornitsa.ca\/fr\/wp-json\/wp\/v2\/comments?post=3474"}],"version-history":[{"count":3,"href":"https:\/\/www.zornitsa.ca\/fr\/wp-json\/wp\/v2\/pages\/3474\/revisions"}],"predecessor-version":[{"id":3477,"href":"https:\/\/www.zornitsa.ca\/fr\/wp-json\/wp\/v2\/pages\/3474\/revisions\/3477"}],"wp:attachment":[{"href":"https:\/\/www.zornitsa.ca\/fr\/wp-json\/wp\/v2\/media?parent=3474"}],"curies":[{"name":"wp","href":"https:\/\/api.w.org\/{rel}","templated":true}]}}